{"id":222,"date":"2021-07-12T04:07:58","date_gmt":"2021-07-12T04:07:58","guid":{"rendered":"https:\/\/quiznos.ca\/fr\/?page_id=222"},"modified":"2021-09-22T20:36:57","modified_gmt":"2021-09-22T20:36:57","slug":"franchisage","status":"publish","type":"page","link":"https:\/\/www.quiznos.ca\/fr\/franchisage\/","title":{"rendered":"Franchisage"},"content":{"rendered":"<div class=\"text-center relative z-10\n  \n    pt-32\n  \">\n  <div class=\"flex flex-col\n    contain\">\n    \n          <h2 class=\"leadin text-orange mb-4\">De notre chef de la direction<\/h2>\n    \n          <h3 class=\"title mb-10 \">\n        \u00ab Quiznos a de la chance car bon nombre de nos franchis\u00e9s les plus performants \u00e9taient des fans de la marque avant d&#8217;ouvrir les portes de leurs restaurants Quiznos. \u00bb\n      <\/h3>\n    \n          <div class=\"leading-8 content content--primary-links\">\n        <p>\u2013 Tim Casey, chef de la direction<\/p>\n\n      <\/div>\n    \n    \n                \n<a\n  href=\"https:\/\/quiznos.ca\/fr\/franchisage\/demander-des-informations-sur-la-franchise\/\"  target=\"_self\"  class=\"qz-button inline-block mt-10 self-center\">\n  demander des informations sur la franchise\n<\/a>\n      <\/div>\n<\/div>\n\n\n<div class=\"flex\n  \n  bg-white\n  \n      h-48\n  \"><\/div>\n\n\n<div class=\"text-center relative z-10\n  bg-black text-white\n      bg-black text-white\n    pt-32\n  pb-32\">\n  <div class=\"flex flex-col\n    contain-narrow\">\n    \n          <h2 class=\"leadin text-orange mb-4\">EST. 1981<\/h2>\n    \n          <h3 class=\"title mb-10 \">\n        notre histoire\n      <\/h3>\n    \n          <div class=\"leading-8 content content--primary-links\">\n        <div class=\"leading-8 content content--primary-links\">\n<p>Quiznos a \u00e9t\u00e9 cr\u00e9\u00e9 il y a 40 ans \u00e0 Denver, Colorado, par Jimmy Lambatos. Inspir\u00e9 par les sandwichs cuits au four de sa jeunesse \u00e0 Long Island, Jimmy a commenc\u00e9 \u00e0 faire griller ses sous-marins pour faire ressortir les saveurs des viandes de boucherie, des fromages haut de gamme et du pain artisanal. En fait, plusieurs des cr\u00e9ations originales de Jimmy sont toujours fi\u00e8rement pr\u00e9sent\u00e9es sur le menu actuel de Quiznos, comme notre italien classique et notre sandwich aux boulettes de viande. Quatre d\u00e9cennies plus tard, les sandwichs originaux de Jimmy ont \u00e9t\u00e9 appr\u00e9ci\u00e9s par des millions et des millions de personnes, et la marque qu&#8217;il a fond\u00e9e en 1981 continue d&#8217;\u00eatre d\u00e9fendue par des millions de passionn\u00e9s d\u00e9vou\u00e9s \u00e0 travers le pays.<\/p>\n<\/div>\n\n      <\/div>\n    \n    \n                \n<a\n  href=\"https:\/\/quiznos.ca\/fr\/franchisage\/demander-des-informations-sur-la-franchise\/\"  target=\"_self\"  class=\"qz-button inline-block mt-10 self-center\">\n   Demander des informations sur la franchise\n<\/a>\n      <\/div>\n<\/div>\n\n\n\n<div \n  class=\"w-screen overflow-hidden relative bg-gray-800\">\n      \n    <div data-carousel-slide\n      class=\"relative w-full\n        bg-black text-white\n        block\"\n    >\n      <div class=\"relative z-30 contain\n        pt-40\n        pb-40\">\n        <div class=\"\n          w-full md:w-3\/4 lg:w-2\/5\n          \n          \">\n          \n                      <div class=\"h-32\"><\/div>\n          \n          \n                  <\/div>\n      <\/div>\n      <div\n        id=\"slide-8e60f13933d1493845e45be77f04ec4d-bg\"\n        class=\"absolute z-10 inset-0 bg-cover bg-center\"\n        ><\/div>\n            <style>\n          #slide-8e60f13933d1493845e45be77f04ec4d-bg {\n            opacity: 1;\n            background-image: url(https:\/\/www.quiznos.ca\/fr\/wp-content\/uploads\/sites\/4\/2021\/08\/Franchise_Form_HERO-2000x0-c-default.jpg);\n          }\n\n                <\/style>\n    <\/div>\n  <\/div>\n\n<div class=\"text-center relative z-10\n  bg-black text-white\n      bg-black text-white\n    pt-32\n  pb-32\">\n  <div class=\"flex flex-col\n    contain-narrow\">\n    \n          <h2 class=\"leadin text-orange mb-4\">OUVREZ VOS QUIZNOS<\/h2>\n    \n          <h3 class=\"title mb-10 \">\n        Franchise avec nous<br \/>\r\n\n      <\/h3>\n    \n          <div class=\"leading-8 content content--primary-links\">\n        <div class=\"leading-8 content content--primary-links\">\n<p>Nous recherchons activement des entrepreneurs passionn\u00e9s par notre marque et amoureux de leur communaut\u00e9 pour rejoindre notre famille de franchises. \u00ab Quiznos a de la chance car bon nombre de nos franchis\u00e9s les plus performants \u00e9taient des fans de la marque avant d&#8217;ouvrir les portes de leurs restaurants Quiznos \u00bb, d\u00e9clare Tim Casey, chef de la direction.<\/p>\n<p>Avec une \u00e9quipe de direction qui s&#8217;engage \u00e0 aider nos franchis\u00e9s \u00e0 prosp\u00e9rer et \u00e0 prosp\u00e9rer, et les sandwichs les plus d\u00e9licieux disponibles sur le march\u00e9, Quiznos est pr\u00eat \u00e0 se d\u00e9velopper pour les ann\u00e9es \u00e0 venir.<\/p>\n<\/div>\n\n      <\/div>\n    \n    \n                \n<a\n  href=\"https:\/\/quiznos.ca\/fr\/franchisage\/demander-des-informations-sur-la-franchise\/\"  target=\"_self\"  class=\"qz-button inline-block mt-10 self-center\">\n  demander des informations sur la franchise\n<\/a>\n      <\/div>\n<\/div>\n\n\n<div class=\"text-center contain py-24\">\n  <h2 class=\"title mb-12\">AVEZ-VOUS DES QUESTIONS?<\/h2>\n  <div class=\"mb-16 mx-auto\" style=\"max-width: 31rem;\">\n    <p>Vous voulez en savoir plus sur l&#8217;ouverture de votre propre franchise Quiznos ? Nous aimerions recevoir de vos nouvelles!<\/p>\n\n  <\/div>\n\n  <div class=\"grid md:grid-cols-2 gap-8 max-w-4xl mx-auto\">\n          <a href=\"tel:186648627833\"\n         class=\"bg-smoke p-8 rounded border-transparent border-2\n         focus:outline-none transition no-underline text-current\n         focus:border-black focus:bg-white focus:shadow-md\n         hover:border-black hover:bg-white hover:shadow-md\">\n        <img decoding=\"async\" src=\"https:\/\/www.quiznos.ca\/fr\/wp-content\/uploads\/sites\/4\/2021\/08\/Asset-2@300x-2.png\"\n             alt=\"1-866-4-TOASTED\"\n             class=\"inline-block mb-4\"\n             style=\"max-height: 2.875rem; max-width: 2.875rem\" \/>\n        <span class=\"block font-bold text-lg mb-1\">1-866-4-TOASTED<\/span>\n        <span class=\"block\"> Nous sommes toujours heureux de vous aider<\/span>\n      <\/a>\n          <a href=\"mailto:franchise@regorestaurants.com\"\n         class=\"bg-smoke p-8 rounded border-transparent border-2\n         focus:outline-none transition no-underline text-current\n         focus:border-black focus:bg-white focus:shadow-md\n         hover:border-black hover:bg-white hover:shadow-md\">\n        <img decoding=\"async\" src=\"https:\/\/www.quiznos.ca\/fr\/wp-content\/uploads\/sites\/4\/2021\/08\/Asset-1@300x-1.png\"\n             alt=\"franchise @ regorestaurants.com\"\n             class=\"inline-block mb-4\"\n             style=\"max-height: 2.875rem; max-width: 2.875rem\" \/>\n        <span class=\"block font-bold text-lg mb-1\">franchise @ regorestaurants.com<\/span>\n        <span class=\"block\"> Le meilleur moyen d&#8217;obtenir une r\u00e9ponse rapidement<\/span>\n      <\/a>\n      <\/div>\n\n  <\/div>\n\n\n\n<div \n  class=\"w-screen overflow-hidden relative bg-gray-800\">\n      \n    <div data-carousel-slide\n      class=\"relative w-full\n        bg-black text-white\n        block\"\n    >\n      <div class=\"relative z-30 contain\n        pt-24\n        pb-40\">\n        <div class=\"\n          contain-narrow\n          text-center m-auto\n          \">\n          \n                      <h2 class=\"title mt-9 mb-12\">\n              Pr\u00eat \u00e0 commencer?\n            <\/h2>\n          \n                      <div class=\"mb-14 content max-w-prose text-base mx-auto\"><p>Si vous \u00eates passionn\u00e9 par notre nourriture et partagez cette joie avec votre communaut\u00e9, nous voulons avoir de vos nouvelles.<\/p>\n<\/div>\n          \n                            \n<a\n  href=\"https:\/\/quiznos.ca\/fr\/franchisage\/demander-des-informations-sur-la-franchise\/\"  target=\"_self\"  class=\"qz-button inline-block\">\n  demander des informations sur la franchise\n<\/a>\n                  <\/div>\n      <\/div>\n      <div\n        id=\"slide-e160b4cf1399b7b87882d7d18bb3f990-bg\"\n        class=\"absolute z-10 inset-0 bg-cover bg-center\"\n        ><\/div>\n              <div\n          class=\"absolute z-20 inset-x-0 bottom-0 h-1\/2 opacity-50\n                bg-gradient-to-b from-transparent to-black\"\n        ><\/div>\n            <style>\n          #slide-e160b4cf1399b7b87882d7d18bb3f990-bg {\n            opacity: 1;\n            background-image: url(https:\/\/www.quiznos.ca\/fr\/wp-content\/uploads\/sites\/4\/2021\/07\/franchising-2000x0-c-default.jpg);\n          }\n\n                <\/style>\n    <\/div>\n  <\/div>","protected":false},"excerpt":{"rendered":"","protected":false},"author":1,"featured_media":0,"parent":0,"menu_order":0,"comment_status":"closed","ping_status":"closed","template":"","meta":{"_monsterinsights_skip_tracking":false,"_monsterinsights_sitenote_active":false,"_monsterinsights_sitenote_note":"","_monsterinsights_sitenote_category":0,"footnotes":""},"class_list":["post-222","page","type-page","status-publish","hentry"],"_links":{"self":[{"href":"https:\/\/www.quiznos.ca\/fr\/wp-json\/wp\/v2\/pages\/222","targetHints":{"allow":["GET"]}}],"collection":[{"href":"https:\/\/www.quiznos.ca\/fr\/wp-json\/wp\/v2\/pages"}],"about":[{"href":"https:\/\/www.quiznos.ca\/fr\/wp-json\/wp\/v2\/types\/page"}],"author":[{"embeddable":true,"href":"https:\/\/www.quiznos.ca\/fr\/wp-json\/wp\/v2\/users\/1"}],"replies":[{"embeddable":true,"href":"https:\/\/www.quiznos.ca\/fr\/wp-json\/wp\/v2\/comments?post=222"}],"version-history":[{"count":21,"href":"https:\/\/www.quiznos.ca\/fr\/wp-json\/wp\/v2\/pages\/222\/revisions"}],"predecessor-version":[{"id":752,"href":"https:\/\/www.quiznos.ca\/fr\/wp-json\/wp\/v2\/pages\/222\/revisions\/752"}],"wp:attachment":[{"href":"https:\/\/www.quiznos.ca\/fr\/wp-json\/wp\/v2\/media?parent=222"}],"curies":[{"name":"wp","href":"https:\/\/api.w.org\/{rel}","templated":true}]}}