{"id":198,"date":"2021-07-12T03:48:02","date_gmt":"2021-07-12T03:48:02","guid":{"rendered":"https:\/\/quiznos.ca\/fr\/?page_id=198"},"modified":"2025-05-15T15:19:15","modified_gmt":"2025-05-15T15:19:15","slug":"a-propos-de-quiznos","status":"publish","type":"page","link":"https:\/\/www.quiznos.ca\/fr\/a-propos-de-quiznos\/","title":{"rendered":"\u00c0 propos de Quiznos"},"content":{"rendered":"\n<div \n  class=\"w-screen overflow-hidden relative bg-gray-800\">\n      \n    <div data-carousel-slide\n      class=\"relative w-full\n        bg-black text-white\n        block\"\n    >\n      <div class=\"relative z-30 contain\n        pt-24\n        pb-24\">\n        <div class=\"\n          w-full md:w-3\/4 lg:w-2\/5\n          \n          \">\n                      <h2 class=\"leadin\">\n              \u00c0 propos de Quiznos\n            <\/h2>\n          \n                      <h2 class=\"title mt-9 mb-12\">\n              Notre mission\n            <\/h2>\n          \n                      <div class=\"mb-14 content max-w-prose text-base mx-auto\"><p>Notre mission est la cr\u00e9ation de plats innovateurs qui vous rappellent qu&#8217;une saveur incroyable provient avant toute chose de l&#8217;utilisation d&#8217;ingr\u00e9dients v\u00e9ritables.<\/p>\n<\/div>\n          \n                  <\/div>\n      <\/div>\n      <div\n        id=\"slide-9d293df95accbcc403f7e18cfdce6eee-bg\"\n        class=\"absolute z-10 inset-0 bg-cover bg-center\"\n        ><\/div>\n            <style>\n          #slide-9d293df95accbcc403f7e18cfdce6eee-bg {\n            opacity: 1;\n            background-image: url(https:\/\/www.quiznos.ca\/fr\/wp-content\/uploads\/sites\/4\/2021\/08\/Astronaut-Slider-1440x580-0721-2000x0-c-default.jpg);\n          }\n\n                <\/style>\n    <\/div>\n  <\/div>\n\n<div class=\"text-center relative z-10\n  \n      bg-lime-dark text-white\n    pt-32\n  pb-32\">\n  <div class=\"flex flex-col\n    contain-narrow\">\n          <img decoding=\"async\" class=\"inline-block mb-4\n        -mt-52 self-end w-56\"\n        src=\"https:\/\/www.quiznos.ca\/fr\/wp-content\/uploads\/sites\/4\/2021\/08\/double_badges-500x0-c-default.png\"\n        alt=\"\" \/>\n    \n    \n          <h3 class=\"title mb-10 text-lime\">\n        NOUS PR\u00c9PARONS LES MEILLEURS SANDWICHS AUDACIEUX\n      <\/h3>\n    \n          <div class=\"leading-8 content content--primary-links\">\n        <p>Notre premier petit resto de sandwichs qui a vu le jour en 1981 \u00e0 Denver au Colorade \u00e9tait anim\u00e9 d&#8217;id\u00e9es audacieuses qui perdurent \u00e0 ce jour. Nous croyons fermement que le go\u00fbt de chacun de vos plats se doit d&#8217;\u00eatre incroyable, car nous n&#8217;utilisons que les ingr\u00e9dients de la plus haute qualit\u00e9 pour pr\u00e9parer votre repas \u00e0 la perfection.<\/p>\n\n      <\/div>\n    \n    \n      <\/div>\n<\/div>\n\n\n<div class=\"flex\n  \n  \n  bg-lime-dark\n      h-12\n  \"><\/div>\n\n\n<div class=\"flex flex-col lg:flex-row lg:pb-32 relative z-10\">\n  <div class=\"lg:order-1\n              w-full lg:w-7\/12 lg:-mt-8\">\n    <div\n      class=\"w-full bg-cover bg-center aspect-w-5 aspect-h-3 min-h-full\"\n      style=\"background-image: url(https:\/\/www.quiznos.ca\/fr\/wp-content\/uploads\/sites\/4\/2021\/08\/Steak_Seasoning-1600x0-c-default.jpg)\"><\/div>\n  <\/div>\n  <div class=\"order-2 w-full lg:w-5\/12 px-10 py-12 lg:px-20 lg:py-24\">\n    <h2 class=\"title\">Destination savoureuse<\/h2>\n\n          <h3 class=\"uppercase font-bold text-2xl mt-10\">N\u2019ESSAYEZ PAS DE PR\u00c9PARER \u00c7A \u00c0 LA MAISON<\/h3>\n    \n    <p class=\"mt-10\">D\u00e9couvrez des saveurs innovatrices et uniques que vous ne trouverez nulle part ailleurs.<\/p>\n\n      <\/div>\n<\/div>\n\n\n<div class=\"flex flex-col lg:flex-row lg:pb-32 relative z-10\">\n  <div class=\"lg:order-3\n              w-full lg:w-7\/12 lg:-mt-8\">\n    <div\n      class=\"w-full bg-cover bg-center aspect-w-5 aspect-h-3 min-h-full\"\n      style=\"background-image: url(https:\/\/www.quiznos.ca\/fr\/wp-content\/uploads\/sites\/4\/2021\/08\/Sub_In_Hand-1600x0-c-default.jpg)\"><\/div>\n  <\/div>\n  <div class=\"order-2 w-full lg:w-5\/12 px-10 py-12 lg:px-20 lg:py-24\">\n    <h2 class=\"title\">Un d\u00e9lice authentique<\/h2>\n\n          <h3 class=\"uppercase font-bold text-2xl mt-10\">Un r\u00e9gal \u00e0 coup s\u00fbr<\/h3>\n    \n    <p class=\"mt-10\">Nous servons des d\u00e9lices pr\u00e9par\u00e9s avec des ingr\u00e9dients authentiques de la plus haute qualit\u00e9.<\/p>\n\n      <\/div>\n<\/div>\n\n\n<div class=\"flex flex-col lg:flex-row lg:pb-32 relative z-10\">\n  <div class=\"lg:order-1\n              w-full lg:w-7\/12 lg:-mt-8\">\n    <div\n      class=\"w-full bg-cover bg-center aspect-w-5 aspect-h-3 min-h-full\"\n      style=\"background-image: url(https:\/\/www.quiznos.ca\/fr\/wp-content\/uploads\/sites\/4\/2021\/08\/Apron-1600x0-c-default.jpg)\"><\/div>\n  <\/div>\n  <div class=\"order-2 w-full lg:w-5\/12 px-10 py-12 lg:px-20 lg:py-24\">\n    <h2 class=\"title\">Une imagination d\u00e9bordante<\/h2>\n\n          <h3 class=\"uppercase font-bold text-2xl mt-10\">Vif comme l&#8217;\u00e9clair.<\/h3>\n    \n    <p class=\"mt-10\">Nous connaissons les secrets de la pr\u00e9paration de plats frais avec soin, talent et rapidit\u00e9.<\/p>\n\n      <\/div>\n<\/div>\n\n\n<div class=\"flex flex-col lg:flex-row lg:pb-32 relative z-10\">\n  <div class=\"lg:order-3\n              w-full lg:w-7\/12 lg:-mt-8\">\n    <div\n      class=\"w-full bg-cover bg-center aspect-w-5 aspect-h-3 min-h-full\"\n      style=\"background-image: url(https:\/\/www.quiznos.ca\/fr\/wp-content\/uploads\/sites\/4\/2021\/08\/Friends-1600x0-c-default.jpg)\"><\/div>\n  <\/div>\n  <div class=\"order-2 w-full lg:w-5\/12 px-10 py-12 lg:px-20 lg:py-24\">\n    <h2 class=\"title\">Constamment \u00e9volutif<\/h2>\n\n          <h3 class=\"uppercase font-bold text-2xl mt-10\">Comptez sur nous!<\/h3>\n    \n    <p class=\"mt-10\">Nous sommes votre destination par excellence pour une exp\u00e9rience sans souci dans une ambiance amusante et d\u00e9tendue.<\/p>\n\n      <\/div>\n<\/div>\n\n\n<!-- md:aspect-w-1 md:aspect-w-2 md:aspect-w-3 -->\n<div class=\"block md:flex aspect-none md:aspect-w-2 md:aspect-h-1\">\n      <a href=\"https:\/\/quiznos.ca\/fr\/franchisage\/\"\n      style=\"transform-origin: center 100px\"\n      class=\"block flex-grow !w-full !relative transition-transform\n            group transform scale-95 md:scale-100 hover:scale-95 focus:scale-95\n            aspect-w-10 aspect-h-8 md:aspect-none\">\n      <div class=\"!w-full bg-black !absolute inset-0 aspect-none md:aspect-w-15 md:aspect-h-16\">\n        <div class=\"absolute inset-0 flex justify-center items-center p-8\">\n          <span class=\"title--small relative z-20 text-center text-white\">\n            Franchisage\n          <\/span>\n        <\/div>\n\n        <div class=\"bg-cover absolute inset-0 z-10 opacity-75 transition-opacity\n                    group-focus:opacity-50 group-hover:opacity-50\"\n          style=\"background-image: url(https:\/\/www.quiznos.ca\/fr\/wp-content\/uploads\/sites\/4\/2021\/08\/Franchising.jpg)\"><\/div>\n      <\/div>\n    <\/a>\n      <a href=\"https:\/\/quiznos.ca\/fr\/fidelite\/\"\n      style=\"transform-origin: center 100px\"\n      class=\"block flex-grow !w-full !relative transition-transform\n            group transform scale-95 md:scale-100 hover:scale-95 focus:scale-95\n            aspect-w-10 aspect-h-8 md:aspect-none\">\n      <div class=\"!w-full bg-black !absolute inset-0 aspect-none md:aspect-w-15 md:aspect-h-16\">\n        <div class=\"absolute inset-0 flex justify-center items-center p-8\">\n          <span class=\"title--small relative z-20 text-center text-white\">\n            POINTS BR\u00dbLANTS\n          <\/span>\n        <\/div>\n\n        <div class=\"bg-cover absolute inset-0 z-10 opacity-75 transition-opacity\n                    group-focus:opacity-50 group-hover:opacity-50\"\n          style=\"background-image: url(https:\/\/www.quiznos.ca\/fr\/wp-content\/uploads\/sites\/4\/2021\/08\/Loyalty.jpg)\"><\/div>\n      <\/div>\n    <\/a>\n  <\/div>\n\n\n<div class=\"flex\n  \n  bg-white\n  \n      h-24\n  \"><\/div>\n\n\n<div class=\"text-center contain py-24\">\n  <h2 class=\"title mb-12\">Nous contacter<\/h2>\n  <div class=\"mb-16 mx-auto\" style=\"max-width: 31rem;\">\n    <p><strong>Si\u00e8ge social de Quiznos<\/strong><\/p>\n<p>4700, S. Syracuse, local 225<\/p>\n<p>Denver, CO 80237<\/p>\n\n  <\/div>\n\n  <div class=\"grid md:grid-cols-2 gap-8 max-w-4xl mx-auto\">\n          <a href=\"https:\/\/lovesfeedback.com\/quiznos\/\"\n         class=\"bg-smoke p-8 rounded border-transparent border-2\n         focus:outline-none transition no-underline text-current\n         focus:border-black focus:bg-white focus:shadow-md\n         hover:border-black hover:bg-white hover:shadow-md\">\n        <img decoding=\"async\" src=\"https:\/\/www.quiznos.ca\/fr\/wp-content\/uploads\/sites\/4\/2021\/08\/Asset-2@300x-1.png\"\n             alt=\"Quiznos aime les commentaires\"\n             class=\"inline-block mb-4\"\n             style=\"max-height: 2.875rem; max-width: 2.875rem\" \/>\n        <span class=\"block font-bold text-lg mb-1\">Quiznos aime les commentaires<\/span>\n        <span class=\"block\">Parlez-nous de votre visite<\/span>\n      <\/a>\n      <\/div>\n\n      <div class=\"content mt-10\">\n      <p>Pour les demandes g\u00e9n\u00e9rales, veuillez nous contacter au <a href=\"tel:7203593300\">720-359-3300<\/a><\/p>\n\n    <\/div>\n  <\/div>\n","protected":false},"excerpt":{"rendered":"","protected":false},"author":1,"featured_media":0,"parent":0,"menu_order":0,"comment_status":"closed","ping_status":"closed","template":"","meta":{"_monsterinsights_skip_tracking":false,"_monsterinsights_sitenote_active":false,"_monsterinsights_sitenote_note":"","_monsterinsights_sitenote_category":0,"footnotes":""},"class_list":["post-198","page","type-page","status-publish","hentry"],"_links":{"self":[{"href":"https:\/\/www.quiznos.ca\/fr\/wp-json\/wp\/v2\/pages\/198","targetHints":{"allow":["GET"]}}],"collection":[{"href":"https:\/\/www.quiznos.ca\/fr\/wp-json\/wp\/v2\/pages"}],"about":[{"href":"https:\/\/www.quiznos.ca\/fr\/wp-json\/wp\/v2\/types\/page"}],"author":[{"embeddable":true,"href":"https:\/\/www.quiznos.ca\/fr\/wp-json\/wp\/v2\/users\/1"}],"replies":[{"embeddable":true,"href":"https:\/\/www.quiznos.ca\/fr\/wp-json\/wp\/v2\/comments?post=198"}],"version-history":[{"count":36,"href":"https:\/\/www.quiznos.ca\/fr\/wp-json\/wp\/v2\/pages\/198\/revisions"}],"predecessor-version":[{"id":1129,"href":"https:\/\/www.quiznos.ca\/fr\/wp-json\/wp\/v2\/pages\/198\/revisions\/1129"}],"wp:attachment":[{"href":"https:\/\/www.quiznos.ca\/fr\/wp-json\/wp\/v2\/media?parent=198"}],"curies":[{"name":"wp","href":"https:\/\/api.w.org\/{rel}","templated":true}]}}