{"id":150,"date":"2021-06-30T03:34:55","date_gmt":"2021-06-30T03:34:55","guid":{"rendered":"https:\/\/quiznos.ca\/fr\/?page_id=150"},"modified":"2021-12-17T14:26:00","modified_gmt":"2021-12-17T14:26:00","slug":"cartes-cadeaux","status":"publish","type":"page","link":"https:\/\/www.quiznos.ca\/fr\/cartes-cadeaux\/","title":{"rendered":"Cartes-cadeaux"},"content":{"rendered":"\n<div \n  class=\"w-screen overflow-hidden relative bg-gray-800\">\n      \n    <div data-carousel-slide\n      class=\"relative w-full\n        bg-white text-black\n        block\"\n    >\n      <div class=\"relative z-30 contain\n        pt-24\n        pb-24\">\n        <div class=\"\n          w-full md:w-3\/4 lg:w-2\/5\n          \n          \">\n                      <h2 class=\"leadin\">\n              ENVOYEZ UNE CARTE-CADEAU \u00c9LECTRONIQUE\n            <\/h2>\n          \n                      <h2 class=\"title mt-9 mb-12\">\n              SUSCITEZ DE NOUVELLES FRINGALES\n            <\/h2>\n          \n                      <div class=\"mb-14 content max-w-prose text-base mx-auto\"><p>Les cartes-cadeaux \u00e9lectroniques Quiznos sont la meilleure fa\u00e7on de d\u00e9montrer votre souci des papilles gustatives de vos \u00eatres chers.<\/p>\n<\/div>\n          \n                            \n<a\n  href=\"http:\/\/quiznos.cashstar.com\/gift-card\/buy\/?ref=quiz1\"  target=\"_self\"  class=\"qz-button inline-block\">\n  COMMANDER DES CARTES-CADEAUX\n<\/a>\n                  <\/div>\n      <\/div>\n      <div\n        id=\"slide-c8a4dd7cc98e5a24dd9ae916ed81852a-bg\"\n        class=\"absolute z-10 inset-0 bg-cover bg-center\"\n        ><\/div>\n              <div\n          class=\"absolute z-20 inset-x-0 bottom-0 h-1\/2 opacity-50\n                bg-gradient-to-b from-transparent to-black\"\n        ><\/div>\n            <style>\n          #slide-c8a4dd7cc98e5a24dd9ae916ed81852a-bg {\n            opacity: 0.9;\n            background-image: url(https:\/\/www.quiznos.ca\/fr\/wp-content\/uploads\/sites\/4\/2021\/12\/QUIZ-HERO-BANNER-GIFTCARD-1440x580-1-2000x0-c-default.jpg);\n          }\n\n                      @media (orientation: portrait) {\n              #slide-c8a4dd7cc98e5a24dd9ae916ed81852a-bg {\n                background-image: url(https:\/\/www.quiznos.ca\/fr\/wp-content\/uploads\/sites\/4\/2021\/12\/QUIZ-HERO-MOBILE-BANNER-GIFTCARD_R1-scaled-1000x0-c-default.jpg);\n              }\n            }\n                <\/style>\n    <\/div>\n  <\/div>\n\n<div class=\"text-center relative z-10\n  bg-black text-white\n      bg-black text-white\n    pt-32\n  pb-32\">\n  <div class=\"flex flex-col\n    contain-narrow\">\n    \n    \n          <h3 class=\"title mb-10 \">\n        ENVOYEZ DES CARTES-CADEAUX INSTANTAN\u00c9MENT<br \/>\r\n\n      <\/h3>\n    \n          <div class=\"leading-8 content content--primary-links\">\n        <p>Surprenez l\u2019amateur de sandwichs dans votre vie avec une carte-cadeau Quiznos \u00e9lectronique. Ces cartes-cadeaux sont parfaites en toute occasion, valides dans tous les restaurants participants et peuvent \u00eatre envoy\u00e9es avec un message personnalis\u00e9.<\/p>\n\n      <\/div>\n    \n    \n                \n<a\n  href=\"http:\/\/quiznos.cashstar.com\/gift-card\/buy\/?ref=quiz1\"  target=\"_self\"  class=\"qz-button inline-block mt-10 self-center\">\n  COMMANDER DES CARTES-CADEAUX\n<\/a>\n      <\/div>\n<\/div>\n\n\n<div class=\"text-center relative z-10\n  bg-black text-white\n      bg-black text-white\n    \n  pb-32\">\n  <div class=\"flex flex-col\n    contain-narrow\">\n    \n    \n    \n          <div class=\"leading-8 content content--primary-links\">\n        <p>V\u00e9rifiez le solde en composant le <a href=\"tel:18002425353\">1 800 242-5353<\/a>.<\/p>\n\n      <\/div>\n    \n    \n      <\/div>\n<\/div>\n","protected":false},"excerpt":{"rendered":"","protected":false},"author":1,"featured_media":0,"parent":0,"menu_order":0,"comment_status":"closed","ping_status":"closed","template":"","meta":{"_monsterinsights_skip_tracking":false,"_monsterinsights_sitenote_active":false,"_monsterinsights_sitenote_note":"","_monsterinsights_sitenote_category":0,"footnotes":""},"class_list":["post-150","page","type-page","status-publish","hentry"],"_links":{"self":[{"href":"https:\/\/www.quiznos.ca\/fr\/wp-json\/wp\/v2\/pages\/150","targetHints":{"allow":["GET"]}}],"collection":[{"href":"https:\/\/www.quiznos.ca\/fr\/wp-json\/wp\/v2\/pages"}],"about":[{"href":"https:\/\/www.quiznos.ca\/fr\/wp-json\/wp\/v2\/types\/page"}],"author":[{"embeddable":true,"href":"https:\/\/www.quiznos.ca\/fr\/wp-json\/wp\/v2\/users\/1"}],"replies":[{"embeddable":true,"href":"https:\/\/www.quiznos.ca\/fr\/wp-json\/wp\/v2\/comments?post=150"}],"version-history":[{"count":13,"href":"https:\/\/www.quiznos.ca\/fr\/wp-json\/wp\/v2\/pages\/150\/revisions"}],"predecessor-version":[{"id":841,"href":"https:\/\/www.quiznos.ca\/fr\/wp-json\/wp\/v2\/pages\/150\/revisions\/841"}],"wp:attachment":[{"href":"https:\/\/www.quiznos.ca\/fr\/wp-json\/wp\/v2\/media?parent=150"}],"curies":[{"name":"wp","href":"https:\/\/api.w.org\/{rel}","templated":true}]}}